{"id":321,"date":"2024-09-09T12:51:34","date_gmt":"2024-09-09T12:51:34","guid":{"rendered":"https:\/\/qi-feet.nl\/?page_id=321"},"modified":"2026-04-13T11:50:58","modified_gmt":"2026-04-13T11:50:58","slug":"boek-een-massage","status":"publish","type":"page","link":"https:\/\/qi-feet.nl\/?page_id=321","title":{"rendered":"Algemene informatie"},"content":{"rendered":"\n<figure class=\"wp-block-image aligncenter size-large is-resized waterlava-animate waterlava-scale waterlava-delay-1\"><img decoding=\"async\" src=\"https:\/\/qi-feet.nl\/wp-content\/themes\/waterlava\/assets\/img\/Logo-1.webp\" alt=\"\" class=\"wp-image-17\" style=\"width:100px;height:100px\"\/><\/figure>\n\n\n\n<div class=\"guten-element guten-spacer guten-DPMtjH\"><\/div>\n\n\n\n<h1 class=\"wp-block-heading has-text-align-center has-text-color has-link-color has-quintessential-font-family wp-elements-46755cc59eda6626bc5b29da4a111337\" style=\"color:#c0cfdf;padding-top:var(--wp--preset--spacing--40);padding-bottom:var(--wp--preset--spacing--40)\">Algemene informatie<\/h1>\n\n\n\n<div class=\"guten-element guten-spacer guten-Ka9ZGh\"><\/div>\n\n\n\n<div class=\"wp-block-columns is-layout-flex wp-container-core-columns-is-layout-28f84493 wp-block-columns-is-layout-flex\">\n<div class=\"wp-block-column is-layout-flow wp-block-column-is-layout-flow\" style=\"flex-basis:25%\"><\/div>\n\n\n\n<div class=\"wp-block-column is-layout-flow wp-block-column-is-layout-flow\" style=\"flex-basis:90%\">\n<h5 class=\"wp-block-heading has-text-align-center has-merriweather-font-family\" style=\"margin-top:var(--wp--preset--spacing--30);margin-bottom:var(--wp--preset--spacing--30)\">Diagnose<\/h5>\n\n\n\n<p class=\"has-text-align-center has-merriweather-font-family\">Ik als VoetreflexPlus\u2122 therapeut mag geen diagnose stellen. De huisarts of medisch specialist is hiervoor de aangewezen persoon. Bij twijfel van klachten zal ik altijd adviseren om naar de huisarts te gaan.<\/p>\n\n\n\n<p><\/p>\n\n\n\n<h5 class=\"wp-block-heading has-text-align-center has-merriweather-font-family\">Kleding<\/h5>\n\n\n\n<p class=\"has-text-align-center has-merriweather-font-family\">Wanneer je bij mij komt doe dan loszittende kleding aan, dat nergens je kleding knelt op je lichaam. In ieder geval een broek met pijpen die ruim over de knie\u00ebn kunnen. Dan kan ik makkelijk de knie\u00ebn en onderbenen masseren. Smeer je benen en voeten niet in met cr\u00e8me op de dag dat je bij mij komt voor een massage.<\/p>\n\n\n\n<div class=\"guten-element guten-spacer guten-hpgWdF\"><\/div>\n\n\n\n<h5 class=\"wp-block-heading has-text-align-center has-merriweather-font-family\"><strong>Kom op tijd<\/strong><\/h5>\n\n\n\n<p class=\"has-text-align-center has-merriweather-font-family\">Kom op tijd, dan kunnen we in alle rust starten en gaat jouw tijd niet van je massage tijd af.<\/p>\n\n\n\n<div class=\"guten-element guten-spacer guten-BaGZHM\"><\/div>\n\n\n\n<h5 class=\"wp-block-heading has-text-align-center has-merriweather-font-family\"><strong>Rust na de massage<\/strong><\/h5>\n\n\n\n<p class=\"has-text-align-center has-merriweather-font-family\">Het prettigst is dat je na de massage niet teveel meer hoeft te doen. Neem lekker de tijd voor jezelf, door bijvoorbeeld te wandelen, een boek te lezen of iets wat jou rust geeft. Dan heeft de massage de meest effectieve uitwerking.<\/p>\n\n\n\n<div class=\"guten-element guten-spacer guten-5ChGCR\"><\/div>\n\n\n\n<h5 class=\"wp-block-heading has-text-align-center has-merriweather-font-family\"><strong>Water drinken<\/strong><\/h5>\n\n\n\n<p class=\"has-text-align-center has-merriweather-font-family\">Drink veel (lauw) water&nbsp;op de dag van en de dag na de massage. Dit om afvalstoffen uit je lichaam af te voeren. Dagelijks (lauw) water drinken is sowieso goed je lichaam.<\/p>\n\n\n\n<div class=\"guten-element guten-spacer guten-QMOWll\"><\/div>\n\n\n\n<h5 class=\"wp-block-heading has-text-align-center has-merriweather-font-family\"><strong>Afspraak verzetten<\/strong><\/h5>\n\n\n\n<p class=\"has-text-align-center has-merriweather-font-family\">Soms is het beter niet te komen en je afspraak te verzetten. Dit is in geval van koorts, open wonden, breuken, grote plekken met schimmel aan voeten en\/of benen. Het is belangrijk dat je bepaalde klachten vooraf wel meldt. Ook wil ik graag weten of je zwanger bent en hoe lang je zwanger bent.<\/p>\n\n\n\n<div class=\"guten-element guten-spacer guten-40juCk\"><\/div>\n\n\n\n<h5 class=\"wp-block-heading has-text-align-center has-merriweather-font-family\"><strong>Prijswijzigingen<\/strong><\/h5>\n\n\n\n<p class=\"has-text-align-center has-merriweather-font-family\">Prijswijzigingen zijn voorbehouden en worden ruim van te voren kenbaar gemaakt via de website <br>en via informatie in de praktijk<\/p>\n\n\n\n<div class=\"guten-element guten-spacer guten-aX7s52\"><\/div>\n\n\n\n<h5 class=\"wp-block-heading has-text-align-center has-merriweather-font-family\"><strong>Cadeaubonnen<\/strong><\/h5>\n\n\n\n<p class=\"has-text-align-center has-merriweather-font-family\">Wil jij iemand verrassen, verwennen of laten kennismaken met VoetreflexPlus\u2122 ?  Geef dan een cadeaubon cadeau voor een heerlijk ontspannen VoetreflexPlus\u2122 massage. Cadeaubonnen zijn op te halen op de locatie van Qi~Feet.<\/p>\n\n\n\n<div class=\"guten-element guten-spacer guten-oQDYmt\"><\/div>\n\n\n\n<h5 class=\"wp-block-heading has-text-align-center has-merriweather-font-family\"><strong>Hygi\u00ebne<\/strong><\/h5>\n\n\n\n<p class=\"has-text-align-center has-merriweather-font-family\">Jij mag van mij verwachten dat ik werk met schone materialen en een schone ruimte.  Je hoeft ook niets mee te nemen zoals bv. een handdoek. Ik verwacht van jou dat jij schoon en fris bij mij komt voor een VoetreflexPlus\u2122 massage.<\/p>\n<\/div>\n\n\n\n<div class=\"wp-block-column is-layout-flow wp-block-column-is-layout-flow\" style=\"flex-basis:25%\"><\/div>\n<\/div>\n\n\n\n<p><\/p>\n","protected":false},"excerpt":{"rendered":"<p>Algemene informatie Diagnose Ik als VoetreflexPlus\u2122 therapeut mag geen diagnose stellen. De huisarts of medisch specialist is hiervoor de aangewezen persoon. Bij twijfel van klachten zal ik altijd adviseren om naar de huisarts te gaan. Kleding Wanneer je bij mij komt doe dan loszittende kleding aan, dat nergens je kleding knelt op je lichaam. In ieder geval een broek met pijpen die ruim over de knie\u00ebn kunnen. Dan kan ik makkelijk de knie\u00ebn en onderbenen masseren. Smeer je benen en voeten niet in met cr\u00e8me op de dag dat je bij mij komt voor een massage. Kom op tijd Kom<\/p>\n","protected":false},"author":1,"featured_media":0,"parent":0,"menu_order":0,"comment_status":"closed","ping_status":"closed","template":"","meta":{"footnotes":""},"class_list":["post-321","page","type-page","status-publish","hentry"],"yoast_head":"<!-- This site is optimized with the Yoast SEO plugin v27.3 - https:\/\/yoast.com\/product\/yoast-seo-wordpress\/ -->\n<title>Algemene informatie - Qi-Feet<\/title>\n<meta name=\"robots\" content=\"index, follow, max-snippet:-1, max-image-preview:large, max-video-preview:-1\" \/>\n<link rel=\"canonical\" href=\"https:\/\/qi-feet.nl\/?page_id=321\" \/>\n<meta property=\"og:locale\" content=\"nl_NL\" \/>\n<meta property=\"og:type\" content=\"article\" \/>\n<meta property=\"og:title\" content=\"Algemene informatie - Qi-Feet\" \/>\n<meta property=\"og:description\" content=\"Algemene informatie Diagnose Ik als VoetreflexPlus\u2122 therapeut mag geen diagnose stellen. De huisarts of medisch specialist is hiervoor de aangewezen persoon. Bij twijfel van klachten zal ik altijd adviseren om naar de huisarts te gaan. Kleding Wanneer je bij mij komt doe dan loszittende kleding aan, dat nergens je kleding knelt op je lichaam. In ieder geval een broek met pijpen die ruim over de knie\u00ebn kunnen. Dan kan ik makkelijk de knie\u00ebn en onderbenen masseren. Smeer je benen en voeten niet in met cr\u00e8me op de dag dat je bij mij komt voor een massage. Kom op tijd Kom\" \/>\n<meta property=\"og:url\" content=\"https:\/\/qi-feet.nl\/?page_id=321\" \/>\n<meta property=\"og:site_name\" content=\"Qi-Feet\" \/>\n<meta property=\"article:publisher\" content=\"https:\/\/www.facebook.com\/VoetreflexPlusQiFeet\" \/>\n<meta property=\"article:modified_time\" content=\"2026-04-13T11:50:58+00:00\" \/>\n<meta name=\"twitter:card\" content=\"summary_large_image\" \/>\n<meta name=\"twitter:label1\" content=\"Geschatte leestijd\" \/>\n\t<meta name=\"twitter:data1\" content=\"2 minuten\" \/>\n<script type=\"application\/ld+json\" class=\"yoast-schema-graph\">{\"@context\":\"https:\\\/\\\/schema.org\",\"@graph\":[{\"@type\":\"WebPage\",\"@id\":\"https:\\\/\\\/qi-feet.nl\\\/?page_id=321\",\"url\":\"https:\\\/\\\/qi-feet.nl\\\/?page_id=321\",\"name\":\"Algemene informatie - Qi-Feet\",\"isPartOf\":{\"@id\":\"https:\\\/\\\/qi-feet.nl\\\/#website\"},\"primaryImageOfPage\":{\"@id\":\"https:\\\/\\\/qi-feet.nl\\\/?page_id=321#primaryimage\"},\"image\":{\"@id\":\"https:\\\/\\\/qi-feet.nl\\\/?page_id=321#primaryimage\"},\"thumbnailUrl\":\"https:\\\/\\\/qi-feet.nl\\\/wp-content\\\/themes\\\/waterlava\\\/assets\\\/img\\\/Logo-1.webp\",\"datePublished\":\"2024-09-09T12:51:34+00:00\",\"dateModified\":\"2026-04-13T11:50:58+00:00\",\"breadcrumb\":{\"@id\":\"https:\\\/\\\/qi-feet.nl\\\/?page_id=321#breadcrumb\"},\"inLanguage\":\"nl-NL\",\"potentialAction\":[{\"@type\":\"ReadAction\",\"target\":[\"https:\\\/\\\/qi-feet.nl\\\/?page_id=321\"]}]},{\"@type\":\"ImageObject\",\"inLanguage\":\"nl-NL\",\"@id\":\"https:\\\/\\\/qi-feet.nl\\\/?page_id=321#primaryimage\",\"url\":\"\",\"contentUrl\":\"\"},{\"@type\":\"BreadcrumbList\",\"@id\":\"https:\\\/\\\/qi-feet.nl\\\/?page_id=321#breadcrumb\",\"itemListElement\":[{\"@type\":\"ListItem\",\"position\":1,\"name\":\"Home\",\"item\":\"https:\\\/\\\/qi-feet.nl\\\/\"},{\"@type\":\"ListItem\",\"position\":2,\"name\":\"Algemene informatie\"}]},{\"@type\":\"WebSite\",\"@id\":\"https:\\\/\\\/qi-feet.nl\\\/#website\",\"url\":\"https:\\\/\\\/qi-feet.nl\\\/\",\"name\":\"Qi-Feet\",\"description\":\"Laat levensenergie stromen\",\"publisher\":{\"@id\":\"https:\\\/\\\/qi-feet.nl\\\/#organization\"},\"potentialAction\":[{\"@type\":\"SearchAction\",\"target\":{\"@type\":\"EntryPoint\",\"urlTemplate\":\"https:\\\/\\\/qi-feet.nl\\\/?s={search_term_string}\"},\"query-input\":{\"@type\":\"PropertyValueSpecification\",\"valueRequired\":true,\"valueName\":\"search_term_string\"}}],\"inLanguage\":\"nl-NL\"},{\"@type\":\"Organization\",\"@id\":\"https:\\\/\\\/qi-feet.nl\\\/#organization\",\"name\":\"Qi-Feet\",\"url\":\"https:\\\/\\\/qi-feet.nl\\\/\",\"logo\":{\"@type\":\"ImageObject\",\"inLanguage\":\"nl-NL\",\"@id\":\"https:\\\/\\\/qi-feet.nl\\\/#\\\/schema\\\/logo\\\/image\\\/\",\"url\":\"https:\\\/\\\/qi-feet.nl\\\/wp-content\\\/uploads\\\/2024\\\/11\\\/Qi-feet-nieuw.png\",\"contentUrl\":\"https:\\\/\\\/qi-feet.nl\\\/wp-content\\\/uploads\\\/2024\\\/11\\\/Qi-feet-nieuw.png\",\"width\":633,\"height\":633,\"caption\":\"Qi-Feet\"},\"image\":{\"@id\":\"https:\\\/\\\/qi-feet.nl\\\/#\\\/schema\\\/logo\\\/image\\\/\"},\"sameAs\":[\"https:\\\/\\\/www.facebook.com\\\/VoetreflexPlusQiFeet\"]}]}<\/script>\n<!-- \/ Yoast SEO plugin. -->","yoast_head_json":{"title":"Algemene informatie - Qi-Feet","robots":{"index":"index","follow":"follow","max-snippet":"max-snippet:-1","max-image-preview":"max-image-preview:large","max-video-preview":"max-video-preview:-1"},"canonical":"https:\/\/qi-feet.nl\/?page_id=321","og_locale":"nl_NL","og_type":"article","og_title":"Algemene informatie - Qi-Feet","og_description":"Algemene informatie Diagnose Ik als VoetreflexPlus\u2122 therapeut mag geen diagnose stellen. De huisarts of medisch specialist is hiervoor de aangewezen persoon. Bij twijfel van klachten zal ik altijd adviseren om naar de huisarts te gaan. Kleding Wanneer je bij mij komt doe dan loszittende kleding aan, dat nergens je kleding knelt op je lichaam. In ieder geval een broek met pijpen die ruim over de knie\u00ebn kunnen. Dan kan ik makkelijk de knie\u00ebn en onderbenen masseren. Smeer je benen en voeten niet in met cr\u00e8me op de dag dat je bij mij komt voor een massage. Kom op tijd Kom","og_url":"https:\/\/qi-feet.nl\/?page_id=321","og_site_name":"Qi-Feet","article_publisher":"https:\/\/www.facebook.com\/VoetreflexPlusQiFeet","article_modified_time":"2026-04-13T11:50:58+00:00","twitter_card":"summary_large_image","twitter_misc":{"Geschatte leestijd":"2 minuten"},"schema":{"@context":"https:\/\/schema.org","@graph":[{"@type":"WebPage","@id":"https:\/\/qi-feet.nl\/?page_id=321","url":"https:\/\/qi-feet.nl\/?page_id=321","name":"Algemene informatie - Qi-Feet","isPartOf":{"@id":"https:\/\/qi-feet.nl\/#website"},"primaryImageOfPage":{"@id":"https:\/\/qi-feet.nl\/?page_id=321#primaryimage"},"image":{"@id":"https:\/\/qi-feet.nl\/?page_id=321#primaryimage"},"thumbnailUrl":"https:\/\/qi-feet.nl\/wp-content\/themes\/waterlava\/assets\/img\/Logo-1.webp","datePublished":"2024-09-09T12:51:34+00:00","dateModified":"2026-04-13T11:50:58+00:00","breadcrumb":{"@id":"https:\/\/qi-feet.nl\/?page_id=321#breadcrumb"},"inLanguage":"nl-NL","potentialAction":[{"@type":"ReadAction","target":["https:\/\/qi-feet.nl\/?page_id=321"]}]},{"@type":"ImageObject","inLanguage":"nl-NL","@id":"https:\/\/qi-feet.nl\/?page_id=321#primaryimage","url":"","contentUrl":""},{"@type":"BreadcrumbList","@id":"https:\/\/qi-feet.nl\/?page_id=321#breadcrumb","itemListElement":[{"@type":"ListItem","position":1,"name":"Home","item":"https:\/\/qi-feet.nl\/"},{"@type":"ListItem","position":2,"name":"Algemene informatie"}]},{"@type":"WebSite","@id":"https:\/\/qi-feet.nl\/#website","url":"https:\/\/qi-feet.nl\/","name":"Qi-Feet","description":"Laat levensenergie stromen","publisher":{"@id":"https:\/\/qi-feet.nl\/#organization"},"potentialAction":[{"@type":"SearchAction","target":{"@type":"EntryPoint","urlTemplate":"https:\/\/qi-feet.nl\/?s={search_term_string}"},"query-input":{"@type":"PropertyValueSpecification","valueRequired":true,"valueName":"search_term_string"}}],"inLanguage":"nl-NL"},{"@type":"Organization","@id":"https:\/\/qi-feet.nl\/#organization","name":"Qi-Feet","url":"https:\/\/qi-feet.nl\/","logo":{"@type":"ImageObject","inLanguage":"nl-NL","@id":"https:\/\/qi-feet.nl\/#\/schema\/logo\/image\/","url":"https:\/\/qi-feet.nl\/wp-content\/uploads\/2024\/11\/Qi-feet-nieuw.png","contentUrl":"https:\/\/qi-feet.nl\/wp-content\/uploads\/2024\/11\/Qi-feet-nieuw.png","width":633,"height":633,"caption":"Qi-Feet"},"image":{"@id":"https:\/\/qi-feet.nl\/#\/schema\/logo\/image\/"},"sameAs":["https:\/\/www.facebook.com\/VoetreflexPlusQiFeet"]}]}},"_links":{"self":[{"href":"https:\/\/qi-feet.nl\/index.php?rest_route=\/wp\/v2\/pages\/321","targetHints":{"allow":["GET"]}}],"collection":[{"href":"https:\/\/qi-feet.nl\/index.php?rest_route=\/wp\/v2\/pages"}],"about":[{"href":"https:\/\/qi-feet.nl\/index.php?rest_route=\/wp\/v2\/types\/page"}],"author":[{"embeddable":true,"href":"https:\/\/qi-feet.nl\/index.php?rest_route=\/wp\/v2\/users\/1"}],"replies":[{"embeddable":true,"href":"https:\/\/qi-feet.nl\/index.php?rest_route=%2Fwp%2Fv2%2Fcomments&post=321"}],"version-history":[{"count":29,"href":"https:\/\/qi-feet.nl\/index.php?rest_route=\/wp\/v2\/pages\/321\/revisions"}],"predecessor-version":[{"id":861,"href":"https:\/\/qi-feet.nl\/index.php?rest_route=\/wp\/v2\/pages\/321\/revisions\/861"}],"wp:attachment":[{"href":"https:\/\/qi-feet.nl\/index.php?rest_route=%2Fwp%2Fv2%2Fmedia&parent=321"}],"curies":[{"name":"wp","href":"https:\/\/api.w.org\/{rel}","templated":true}]}}